{"id":3712,"date":"2025-11-24T09:34:32","date_gmt":"2025-11-24T08:34:32","guid":{"rendered":"https:\/\/aurum.legal\/?page_id=3712"},"modified":"2025-11-24T09:36:09","modified_gmt":"2025-11-24T08:36:09","slug":"accesibilidad","status":"publish","type":"page","link":"https:\/\/aurum.legal\/?page_id=3712","title":{"rendered":"Accesibilidad"},"content":{"rendered":"\t\t<div data-elementor-type=\"wp-page\" data-elementor-id=\"3712\" class=\"elementor elementor-3712\">\n\t\t\t\t<div class=\"elementor-element elementor-element-835d36c e-con-full e-flex e-con e-parent\" data-id=\"835d36c\" data-element_type=\"container\">\n\t\t<div class=\"elementor-element elementor-element-3e78791 e-con-full e-flex e-con e-child\" data-id=\"3e78791\" data-element_type=\"container\">\n\t\t\t\t<div class=\"elementor-element elementor-element-56614b2 elementor-widget elementor-widget-image\" data-id=\"56614b2\" data-element_type=\"widget\" data-widget_type=\"image.default\">\n\t\t\t\t\t\t\t\t\t\t\t\t\t\t\t<img fetchpriority=\"high\" decoding=\"async\" width=\"1024\" height=\"720\" src=\"https:\/\/aurum.legal\/wp-content\/uploads\/2024\/11\/lawyers-law-firm-cases1-1024x720.webp\" class=\"attachment-large size-large wp-image-2984\" alt=\"\" srcset=\"https:\/\/aurum.legal\/wp-content\/uploads\/2024\/11\/lawyers-law-firm-cases1-1024x720.webp 1024w, https:\/\/aurum.legal\/wp-content\/uploads\/2024\/11\/lawyers-law-firm-cases1-300x211.webp 300w, https:\/\/aurum.legal\/wp-content\/uploads\/2024\/11\/lawyers-law-firm-cases1-768x540.webp 768w, https:\/\/aurum.legal\/wp-content\/uploads\/2024\/11\/lawyers-law-firm-cases1.webp 1280w\" sizes=\"(max-width: 1024px) 100vw, 1024px\" \/>\t\t\t\t\t\t\t\t\t\t\t\t\t\t\t<\/div>\n\t\t\t\t<\/div>\n\t\t<div class=\"elementor-element elementor-element-6825f76 e-con-full e-flex e-con e-child\" data-id=\"6825f76\" data-element_type=\"container\" data-settings=\"{&quot;background_background&quot;:&quot;classic&quot;}\">\n\t\t\t\t<div class=\"elementor-element elementor-element-3daa481 heading-title elementor-widget elementor-widget-heading\" data-id=\"3daa481\" data-element_type=\"widget\" data-widget_type=\"heading.default\">\n\t\t\t\t\t<h1 class=\"elementor-heading-title elementor-size-default\">Accessibilidad<\/h1>\t\t\t\t<\/div>\n\t\t\t\t<\/div>\n\t\t\t\t<\/div>\n\t\t\t\t<section class=\"elementor-section elementor-top-section elementor-element elementor-element-5b48b79b elementor-section-boxed elementor-section-height-default elementor-section-height-default\" data-id=\"5b48b79b\" data-element_type=\"section\">\n\t\t\t\t\t\t<div class=\"elementor-container elementor-column-gap-default\">\n\t\t\t\t\t<div class=\"elementor-column elementor-col-100 elementor-top-column elementor-element elementor-element-632c87d5\" data-id=\"632c87d5\" data-element_type=\"column\">\n\t\t\t<div class=\"elementor-widget-wrap elementor-element-populated\">\n\t\t\t\t\t\t<div class=\"elementor-element elementor-element-e285450 elementor-widget elementor-widget-text-editor\" data-id=\"e285450\" data-element_type=\"widget\" data-widget_type=\"text-editor.default\">\n\t\t\t\t\t\t\t\t\t<h4>Situaci\u00f3n de cumplimiento<\/h4>\n<p><span class=\"blanc-space ng-binding\">Aurum legal<\/span> (en adelante, tambi\u00e9n Sitio Web) es parcialmente conforme con el Real Decreto 1112\/2018, de 7 de septiembre, debido a la falta de conformidad de los aspectos que se indican a continuaci\u00f3n.<\/p>\n<h4>Contenido no accesible<\/h4>\n<p>El contenido que se recoge a continuaci\u00f3n no es accesible por los siguientes motivos:<\/p>\n<p><strong>a. Falta de conformidad con el RD 1112\/2018:<\/strong> No aplica. Cumple el 100% de los criterios de accesibilidad web.<\/p><div class=\"ng-hide\"><div class=\"ng-hide\"><ul>\n<\/ul>\n<\/div>\n<\/div>\n<p><strong>b. Carga desproporcionada:<\/strong> No aplica.<\/p>\n<p><strong>c. Contenido no entra dentro del \u00e1mbito de la legislaci\u00f3n aplicable:<\/strong><\/p>\n<ul>\n<li>Pueden existir archivos de ofim\u00e1tica en PDF y otros formatos publicados antes del 20 de septiembre de 2018 que no cumplan en su totalidad todos los requisitos de accesibilidad. Aunque se ha procurado que la mayor\u00eda de ellos s\u00ed lo cumplan.<\/li>\n<li>Puede haber contenidos de terceros que no est\u00e9n desarrollados en esta Unidad ni bajo su control como im\u00e1genes, mapas interactivos, videos, documentos, reproductores, etc.<\/li>\n<li>Pueden existir archivos pregrabados publicados antes del 20 de septiembre de 2018 que no cumplan en su totalidad todos los requisitos de accesibilidad.<\/li>\n<li>Partes o la totalidad del sitio web puede estar creado con un CMS (WordPress, Shopify, PrestaShop, etc), por lo que debido a alguna actualizaci\u00f3n o cambio en los sistemas, puede que no todo el contenido generado o autogenerado cumpla con todas las normativas de accesibilidad.<\/li>\n<\/ul>\n<h4>Preparaci\u00f3n de la presente declaraci\u00f3n de accesibilidad<\/h4>\n<p>La presente declaraci\u00f3n fue preparada el d\u00eda 24\/11\/2025<\/p>\n<p>El m\u00e9todo empleado para preparar la declaraci\u00f3n ha sido una autoevaluaci\u00f3n llevada a cabo por la propia empresa.<\/p>\n<p>\u00daltima revisi\u00f3n de la declaraci\u00f3n: 24\/11\/2025<\/p>\n<h4>Observaciones y datos de contacto<\/h4>\n<p>Puede realizar comunicaciones sobre requisitos de accesibilidad (art\u00edculo 10.2.a del Real Decreto 1112\/2018, de 7 de septiembre) como, por ejemplo:<\/p>\n<ul>\n<li>Informar sobre cualquier posible incumplimiento por parte de este sitio web.<\/li>\n<li>Transmitir otras dificultades de acceso al contenido.<\/li>\n<li>Formular cualquier otra consulta o sugerencia de mejora relativa a la accesibilidad del sitio web.<\/li>\n<\/ul>\n<p>A trav\u00e9s de las siguientes v\u00edas:<\/p>\n<ul>\n<li>Correo electr\u00f3nico: <span class=\"blanc-space ng-binding\">contacto@aurum.legal<\/span><\/li>\n<li class=\"\">Tel\u00e9fono: <span class=\"blanc-space ng-binding\">654321654<\/span><\/li>\n<\/ul>\n<p>Acorde al art\u00edculo 10.2.b del RD 1112\/2018, tambi\u00e9n puedes presentar:<\/p>\n<ul>\n<li>Una queja relativa al cumplimiento de los requisitos del RD 1112\/2018.<\/li>\n<li>Una solicitud de informaci\u00f3n accesible relativa a:\n<ul>\n<li>Contenidos que est\u00e1n excluidos del \u00e1mbito de aplicaci\u00f3n del RD 1112\/2018 seg\u00fan lo establecido por el art\u00edculo 3, apartado 4.<\/li>\n<li>Contenidos que est\u00e1n exentos del cumplimiento de los requisitos de accesibilidad por imponer una carga desproporcionada.<\/li>\n<\/ul>\n<\/li>\n<\/ul>\n<p>En la Solicitud de informaci\u00f3n accesible, se debe concretar, con toda claridad, los hechos, razones y petici\u00f3n que permitan constatar que se trata de una solicitud razonable y leg\u00edtima.<\/p>\n<p>Las comunicaciones ser\u00e1n recibidas y tratadas por la direcci\u00f3n de la empresa, como unidad responsable de los contenidos de este sitio web.<\/p>\n<h4>Contenido opcional<\/h4>\n<p>La versi\u00f3n actualmente visible de este sitio web es del d\u00eda 24\/11\/2025 y en esa fecha se hizo la revisi\u00f3n del nivel de accesibilidad vigente en aquel momento.<\/p>\n<p>A partir de dicha fecha se llevan a cabo revisiones parciales diarias del contenido web nuevo o modificado, tanto de las plantillas como de las p\u00e1ginas y documentos finales publicados, a fin de asegurar el cumplimiento de los requerimientos de accesibilidad de la Norma UNE-EN 301549:2022, considerando las excepciones del Real Decreto 1112\/2018, de 7 de septiembre.<\/p>\n<p>Entre otras se adoptan las siguientes medidas para facilitar la accesibilidad:<\/p>\n<ul>\n<li>Utilizaci\u00f3n de texto alternativo en las im\u00e1genes.<\/li>\n<li>Los enlaces ofrecen detalles de la funci\u00f3n o destino del hiperv\u00ednculo.<\/li>\n<li>Uso de los est\u00e1ndares del W3C: XHTML 1.0, CSS 3.0, WAI AA.<\/li>\n<\/ul>\n<h4>Compatibilidad<\/h4>\n<p>El sitio web:<\/p>\n<ul>\n<li>se ha dise\u00f1ado adapt\u00e1ndose a los est\u00e1ndares y normativas vigentes en relaci\u00f3n a la accesibilidad, cumpliendo con los puntos de verificaci\u00f3n de prioridad 2 (AA) definidos en la especificaci\u00f3n de Pautas de Accesibilidad al Contenido en la Web (WCAG 2.1)<\/li>\n<li>est\u00e1 optimizado para las \u00faltimas versiones vigentes de Chrome, Edge, Firefox, Safari y Opera<\/li>\n<li>est\u00e1 dise\u00f1ado para su correcta visualizaci\u00f3n en cualquier resoluci\u00f3n y dispositivo de escritorio, tabletas o m\u00f3viles (dise\u00f1o responsive)<\/li>\n<li>se ha realizado utilizando HTML5 como lenguaje de marcado y hojas de estilo CSS 3 para su dise\u00f1o.<\/li>\n<\/ul>\n<p>Adem\u00e1s, se realiza un trabajo continuo de auditor\u00eda y revisi\u00f3n de contenidos para facilitar su interpretaci\u00f3n y mejorar la navegaci\u00f3n por el portal web.<\/p>\t\t\t\t\t\t\t\t<\/div>\n\t\t\t\t\t<\/div>\n\t\t<\/div>\n\t\t\t\t\t<\/div>\n\t\t<\/section>\n\t\t\t\t<\/div>\n\t\t","protected":false},"excerpt":{"rendered":"<p>Accessibilidad Situaci\u00f3n de cumplimiento Aurum legal (en adelante, tambi\u00e9n Sitio Web) es parcialmente conforme con el Real Decreto 1112\/2018, de 7 de septiembre, debido a la falta de conformidad de los aspectos que se indican a continuaci\u00f3n. Contenido no accesible&#8230;<\/p>\n","protected":false},"author":1,"featured_media":0,"parent":0,"menu_order":0,"comment_status":"closed","ping_status":"closed","template":"elementor_header_footer","meta":{"_acf_changed":false,"footnotes":""},"class_list":["post-3712","page","type-page","status-publish","hentry"],"acf":[],"yoast_head":"<!-- This site is optimized with the Yoast SEO plugin v26.4 - https:\/\/yoast.com\/wordpress\/plugins\/seo\/ -->\n<title>Accesibilidad - Aurum legal<\/title>\n<meta name=\"robots\" content=\"index, follow, max-snippet:-1, max-image-preview:large, max-video-preview:-1\" \/>\n<link rel=\"canonical\" href=\"https:\/\/aurum.legal\/?page_id=3712\" \/>\n<meta property=\"og:locale\" content=\"es_ES\" \/>\n<meta property=\"og:type\" content=\"article\" \/>\n<meta property=\"og:title\" content=\"Accesibilidad - Aurum legal\" \/>\n<meta property=\"og:description\" content=\"Accessibilidad Situaci\u00f3n de cumplimiento Aurum legal (en adelante, tambi\u00e9n Sitio Web) es parcialmente conforme con el Real Decreto 1112\/2018, de 7 de septiembre, debido a la falta de conformidad de los aspectos que se indican a continuaci\u00f3n. Contenido no accesible...\" \/>\n<meta property=\"og:url\" content=\"https:\/\/aurum.legal\/?page_id=3712\" \/>\n<meta property=\"og:site_name\" content=\"Aurum legal\" \/>\n<meta property=\"article:modified_time\" content=\"2025-11-24T08:36:09+00:00\" \/>\n<meta property=\"og:image\" content=\"https:\/\/aurum.legal\/wp-content\/uploads\/2024\/11\/lawyers-law-firm-cases1.webp\" \/>\n\t<meta property=\"og:image:width\" content=\"1280\" \/>\n\t<meta property=\"og:image:height\" content=\"900\" \/>\n\t<meta property=\"og:image:type\" content=\"image\/webp\" \/>\n<meta name=\"twitter:card\" content=\"summary_large_image\" \/>\n<meta name=\"twitter:label1\" content=\"Tiempo de lectura\" \/>\n\t<meta name=\"twitter:data1\" content=\"4 minutos\" \/>\n<script type=\"application\/ld+json\" class=\"yoast-schema-graph\">{\"@context\":\"https:\/\/schema.org\",\"@graph\":[{\"@type\":\"WebPage\",\"@id\":\"https:\/\/aurum.legal\/?page_id=3712\",\"url\":\"https:\/\/aurum.legal\/?page_id=3712\",\"name\":\"Accesibilidad - Aurum legal\",\"isPartOf\":{\"@id\":\"https:\/\/aurum.legal\/#website\"},\"primaryImageOfPage\":{\"@id\":\"https:\/\/aurum.legal\/?page_id=3712#primaryimage\"},\"image\":{\"@id\":\"https:\/\/aurum.legal\/?page_id=3712#primaryimage\"},\"thumbnailUrl\":\"https:\/\/aurum.legal\/wp-content\/uploads\/2024\/11\/lawyers-law-firm-cases1-1024x720.webp\",\"datePublished\":\"2025-11-24T08:34:32+00:00\",\"dateModified\":\"2025-11-24T08:36:09+00:00\",\"breadcrumb\":{\"@id\":\"https:\/\/aurum.legal\/?page_id=3712#breadcrumb\"},\"inLanguage\":\"es\",\"potentialAction\":[{\"@type\":\"ReadAction\",\"target\":[\"https:\/\/aurum.legal\/?page_id=3712\"]}]},{\"@type\":\"ImageObject\",\"inLanguage\":\"es\",\"@id\":\"https:\/\/aurum.legal\/?page_id=3712#primaryimage\",\"url\":\"https:\/\/aurum.legal\/wp-content\/uploads\/2024\/11\/lawyers-law-firm-cases1.webp\",\"contentUrl\":\"https:\/\/aurum.legal\/wp-content\/uploads\/2024\/11\/lawyers-law-firm-cases1.webp\",\"width\":1280,\"height\":900},{\"@type\":\"BreadcrumbList\",\"@id\":\"https:\/\/aurum.legal\/?page_id=3712#breadcrumb\",\"itemListElement\":[{\"@type\":\"ListItem\",\"position\":1,\"name\":\"Portada\",\"item\":\"https:\/\/aurum.legal\/\"},{\"@type\":\"ListItem\",\"position\":2,\"name\":\"Accesibilidad\"}]},{\"@type\":\"WebSite\",\"@id\":\"https:\/\/aurum.legal\/#website\",\"url\":\"https:\/\/aurum.legal\/\",\"name\":\"Aurum legal\",\"description\":\"\",\"publisher\":{\"@id\":\"https:\/\/aurum.legal\/#organization\"},\"potentialAction\":[{\"@type\":\"SearchAction\",\"target\":{\"@type\":\"EntryPoint\",\"urlTemplate\":\"https:\/\/aurum.legal\/?s={search_term_string}\"},\"query-input\":{\"@type\":\"PropertyValueSpecification\",\"valueRequired\":true,\"valueName\":\"search_term_string\"}}],\"inLanguage\":\"es\"},{\"@type\":\"Organization\",\"@id\":\"https:\/\/aurum.legal\/#organization\",\"name\":\"Aurum legal\",\"url\":\"https:\/\/aurum.legal\/\",\"logo\":{\"@type\":\"ImageObject\",\"inLanguage\":\"es\",\"@id\":\"https:\/\/aurum.legal\/#\/schema\/logo\/image\/\",\"url\":\"https:\/\/aurum.legal\/wp-content\/uploads\/2025\/11\/logoAurum3.png\",\"contentUrl\":\"https:\/\/aurum.legal\/wp-content\/uploads\/2025\/11\/logoAurum3.png\",\"width\":270,\"height\":90,\"caption\":\"Aurum legal\"},\"image\":{\"@id\":\"https:\/\/aurum.legal\/#\/schema\/logo\/image\/\"}}]}<\/script>\n<!-- \/ Yoast SEO plugin. -->","yoast_head_json":{"title":"Accesibilidad - Aurum legal","robots":{"index":"index","follow":"follow","max-snippet":"max-snippet:-1","max-image-preview":"max-image-preview:large","max-video-preview":"max-video-preview:-1"},"canonical":"https:\/\/aurum.legal\/?page_id=3712","og_locale":"es_ES","og_type":"article","og_title":"Accesibilidad - Aurum legal","og_description":"Accessibilidad Situaci\u00f3n de cumplimiento Aurum legal (en adelante, tambi\u00e9n Sitio Web) es parcialmente conforme con el Real Decreto 1112\/2018, de 7 de septiembre, debido a la falta de conformidad de los aspectos que se indican a continuaci\u00f3n. Contenido no accesible...","og_url":"https:\/\/aurum.legal\/?page_id=3712","og_site_name":"Aurum legal","article_modified_time":"2025-11-24T08:36:09+00:00","og_image":[{"width":1280,"height":900,"url":"https:\/\/aurum.legal\/wp-content\/uploads\/2024\/11\/lawyers-law-firm-cases1.webp","type":"image\/webp"}],"twitter_card":"summary_large_image","twitter_misc":{"Tiempo de lectura":"4 minutos"},"schema":{"@context":"https:\/\/schema.org","@graph":[{"@type":"WebPage","@id":"https:\/\/aurum.legal\/?page_id=3712","url":"https:\/\/aurum.legal\/?page_id=3712","name":"Accesibilidad - Aurum legal","isPartOf":{"@id":"https:\/\/aurum.legal\/#website"},"primaryImageOfPage":{"@id":"https:\/\/aurum.legal\/?page_id=3712#primaryimage"},"image":{"@id":"https:\/\/aurum.legal\/?page_id=3712#primaryimage"},"thumbnailUrl":"https:\/\/aurum.legal\/wp-content\/uploads\/2024\/11\/lawyers-law-firm-cases1-1024x720.webp","datePublished":"2025-11-24T08:34:32+00:00","dateModified":"2025-11-24T08:36:09+00:00","breadcrumb":{"@id":"https:\/\/aurum.legal\/?page_id=3712#breadcrumb"},"inLanguage":"es","potentialAction":[{"@type":"ReadAction","target":["https:\/\/aurum.legal\/?page_id=3712"]}]},{"@type":"ImageObject","inLanguage":"es","@id":"https:\/\/aurum.legal\/?page_id=3712#primaryimage","url":"https:\/\/aurum.legal\/wp-content\/uploads\/2024\/11\/lawyers-law-firm-cases1.webp","contentUrl":"https:\/\/aurum.legal\/wp-content\/uploads\/2024\/11\/lawyers-law-firm-cases1.webp","width":1280,"height":900},{"@type":"BreadcrumbList","@id":"https:\/\/aurum.legal\/?page_id=3712#breadcrumb","itemListElement":[{"@type":"ListItem","position":1,"name":"Portada","item":"https:\/\/aurum.legal\/"},{"@type":"ListItem","position":2,"name":"Accesibilidad"}]},{"@type":"WebSite","@id":"https:\/\/aurum.legal\/#website","url":"https:\/\/aurum.legal\/","name":"Aurum legal","description":"","publisher":{"@id":"https:\/\/aurum.legal\/#organization"},"potentialAction":[{"@type":"SearchAction","target":{"@type":"EntryPoint","urlTemplate":"https:\/\/aurum.legal\/?s={search_term_string}"},"query-input":{"@type":"PropertyValueSpecification","valueRequired":true,"valueName":"search_term_string"}}],"inLanguage":"es"},{"@type":"Organization","@id":"https:\/\/aurum.legal\/#organization","name":"Aurum legal","url":"https:\/\/aurum.legal\/","logo":{"@type":"ImageObject","inLanguage":"es","@id":"https:\/\/aurum.legal\/#\/schema\/logo\/image\/","url":"https:\/\/aurum.legal\/wp-content\/uploads\/2025\/11\/logoAurum3.png","contentUrl":"https:\/\/aurum.legal\/wp-content\/uploads\/2025\/11\/logoAurum3.png","width":270,"height":90,"caption":"Aurum legal"},"image":{"@id":"https:\/\/aurum.legal\/#\/schema\/logo\/image\/"}}]}},"_links":{"self":[{"href":"https:\/\/aurum.legal\/index.php?rest_route=\/wp\/v2\/pages\/3712","targetHints":{"allow":["GET"]}}],"collection":[{"href":"https:\/\/aurum.legal\/index.php?rest_route=\/wp\/v2\/pages"}],"about":[{"href":"https:\/\/aurum.legal\/index.php?rest_route=\/wp\/v2\/types\/page"}],"author":[{"embeddable":true,"href":"https:\/\/aurum.legal\/index.php?rest_route=\/wp\/v2\/users\/1"}],"replies":[{"embeddable":true,"href":"https:\/\/aurum.legal\/index.php?rest_route=%2Fwp%2Fv2%2Fcomments&post=3712"}],"version-history":[{"count":4,"href":"https:\/\/aurum.legal\/index.php?rest_route=\/wp\/v2\/pages\/3712\/revisions"}],"predecessor-version":[{"id":3716,"href":"https:\/\/aurum.legal\/index.php?rest_route=\/wp\/v2\/pages\/3712\/revisions\/3716"}],"wp:attachment":[{"href":"https:\/\/aurum.legal\/index.php?rest_route=%2Fwp%2Fv2%2Fmedia&parent=3712"}],"curies":[{"name":"wp","href":"https:\/\/api.w.org\/{rel}","templated":true}]}}